{"id":16060,"date":"2026-04-16T21:31:44","date_gmt":"2026-04-16T21:31:44","guid":{"rendered":"https:\/\/enteha.de\/product\/tp-2-5-s-eitel\/"},"modified":"2026-04-16T21:32:13","modified_gmt":"2026-04-16T21:32:13","slug":"2081-0202","status":"publish","type":"product","link":"https:\/\/enteha.de\/en\/product\/2081-0202\/","title":{"rendered":"TP 2.5 S  EITEL 1977"},"content":{"rendered":"<p>Druck 2,5 t<br \/>St\u00e4nderweite 140 mm<br \/>Hub 250 mm<br \/>Gesamtleistungsbedarf 2,5 kW<br \/>Maschinengewicht ca. 0,4 t<br \/>Raumbedarf ca. 0,6*0,8*1,2 m<br \/>No. 0202<br \/>\nHydraulic table press EITEL, type TP 2.5 S<br \/>\nBauj. 1977 mit Pre\u00dfkraft 25 kN<br \/>\nArb.-Ber.: Tischgr\u00f6\u00dfe 300 x 265 mm<br \/>\nDrive power: 2.5 kW<\/p>\n<p>Other:<br \/>\nSt\u00f6\u00dfelhub 250 mm, Einbauh\u00f6he 315 mm<br \/>\nProjection 140 mm,<br \/>\nWeight approx. 370 kg<\/p>","protected":false},"excerpt":{"rendered":"<table>\n<tr>\n<td colspan=\"2\">Druck 2,5 t<\/td>\n<\/tr>\n<tr>\n<td colspan=\"2\">St\u00e4nderweite 140 mm<\/td>\n<\/tr>\n<tr>\n<td colspan=\"2\">Hub 250 mm<\/td>\n<\/tr>\n<tr>\n<td colspan=\"2\">Gesamtleistungsbedarf 2,5 kW<\/td>\n<\/tr>\n<tr>\n<td colspan=\"2\"><em>Mehr Informationen auf der Produkt-Seite<\/em><\/td>\n<\/tr>\n<\/table>","protected":false},"featured_media":16061,"template":"","meta":[],"product_brand":[956],"product_cat":[174],"product_tag":[176,957,156],"class_list":{"0":"post-16060","1":"product","2":"type-product","3":"status-publish","4":"has-post-thumbnail","6":"product_brand-eitel","7":"product_cat-hydraulische-presse","8":"product_tag-eitel","9":"product_tag-hydraulische-presse","10":"product_tag-pressen","12":"first","13":"instock","14":"sale","15":"product-type-simple"},"_links":{"self":[{"href":"https:\/\/enteha.de\/en\/wp-json\/wp\/v2\/product\/16060","targetHints":{"allow":["GET"]}}],"collection":[{"href":"https:\/\/enteha.de\/en\/wp-json\/wp\/v2\/product"}],"about":[{"href":"https:\/\/enteha.de\/en\/wp-json\/wp\/v2\/types\/product"}],"wp:featuredmedia":[{"embeddable":true,"href":"https:\/\/enteha.de\/en\/wp-json\/wp\/v2\/media\/16061"}],"wp:attachment":[{"href":"https:\/\/enteha.de\/en\/wp-json\/wp\/v2\/media?parent=16060"}],"wp:term":[{"taxonomy":"product_brand","embeddable":true,"href":"https:\/\/enteha.de\/en\/wp-json\/wp\/v2\/product_brand?post=16060"},{"taxonomy":"product_cat","embeddable":true,"href":"https:\/\/enteha.de\/en\/wp-json\/wp\/v2\/product_cat?post=16060"},{"taxonomy":"product_tag","embeddable":true,"href":"https:\/\/enteha.de\/en\/wp-json\/wp\/v2\/product_tag?post=16060"}],"curies":[{"name":"wp","href":"https:\/\/api.w.org\/{rel}","templated":true}]}}