{"id":16062,"date":"2026-04-18T11:35:45","date_gmt":"2026-04-18T11:35:45","guid":{"rendered":"https:\/\/enteha.de\/product\/ds-63-smg\/"},"modified":"2026-04-19T11:04:10","modified_gmt":"2026-04-19T11:04:10","slug":"ds-63-smg-1984","status":"publish","type":"product","link":"https:\/\/enteha.de\/en\/product\/ds-63-smg-1984\/","title":{"rendered":"DS 63  SMG 1984"},"content":{"rendered":"<p>Druck 63 t<br \/>St\u00e4nderweite 680 mm<br \/>Hub 150 mm<br \/>Gesamtleistungsbedarf 15 kW<br \/>Maschinengewicht ca. 7 t<br \/>Raumbedarf ca. 3 x 3 x 3 m<br \/>No. 0214<br \/>\nHydraulic high-speed double-column press SMG DS 63<\/p>\n<p>Clear width between the uprights 680 mm<br \/>\nmax. Abstand     zwischen Tischplatte und St\u00f6\u00dfel 385 mm<br \/>\nAuswerferkraft 15kN gr\u00f6\u00dfter St\u00f6\u00dfelhub 150 mm<br \/>\nWorking area: Table surface 660 x 460<br \/>\nDrive: 15 kW<br \/>\nPre\u00dfkraft 630 kN, R\u00fcckzugskraft 51 kN<\/p>","protected":false},"excerpt":{"rendered":"<table>\n<tr>\n<td colspan=\"2\">Druck 63 t<\/td>\n<\/tr>\n<tr>\n<td colspan=\"2\">St\u00e4nderweite 680 mm<\/td>\n<\/tr>\n<tr>\n<td colspan=\"2\">Hub 150 mm<\/td>\n<\/tr>\n<tr>\n<td colspan=\"2\">Gesamtleistungsbedarf 15 kW<\/td>\n<\/tr>\n<tr>\n<td colspan=\"2\"><em>Mehr Informationen auf der Produkt-Seite<\/em><\/td>\n<\/tr>\n<\/table>","protected":false},"featured_media":16063,"template":"","meta":[],"product_brand":[958],"product_cat":[154],"product_tag":[959,156,155],"class_list":{"0":"post-16062","1":"product","2":"type-product","3":"status-publish","4":"has-post-thumbnail","6":"product_brand-smg","7":"product_cat-doppelstaenderpresse-hydraulisch","8":"product_tag-doppelstaenderpresse-hydraulisch","9":"product_tag-pressen","10":"product_tag-smg","12":"first","13":"instock","14":"shipping-taxable","15":"product-type-simple"},"_links":{"self":[{"href":"https:\/\/enteha.de\/en\/wp-json\/wp\/v2\/product\/16062","targetHints":{"allow":["GET"]}}],"collection":[{"href":"https:\/\/enteha.de\/en\/wp-json\/wp\/v2\/product"}],"about":[{"href":"https:\/\/enteha.de\/en\/wp-json\/wp\/v2\/types\/product"}],"wp:featuredmedia":[{"embeddable":true,"href":"https:\/\/enteha.de\/en\/wp-json\/wp\/v2\/media\/16063"}],"wp:attachment":[{"href":"https:\/\/enteha.de\/en\/wp-json\/wp\/v2\/media?parent=16062"}],"wp:term":[{"taxonomy":"product_brand","embeddable":true,"href":"https:\/\/enteha.de\/en\/wp-json\/wp\/v2\/product_brand?post=16062"},{"taxonomy":"product_cat","embeddable":true,"href":"https:\/\/enteha.de\/en\/wp-json\/wp\/v2\/product_cat?post=16062"},{"taxonomy":"product_tag","embeddable":true,"href":"https:\/\/enteha.de\/en\/wp-json\/wp\/v2\/product_tag?post=16062"}],"curies":[{"name":"wp","href":"https:\/\/api.w.org\/{rel}","templated":true}]}}