{"id":16168,"date":"2026-04-18T11:37:29","date_gmt":"2026-04-18T11:37:29","guid":{"rendered":"https:\/\/enteha.de\/product\/unbekannt-unbekannt\/"},"modified":"2026-04-19T11:05:42","modified_gmt":"2026-04-19T11:05:42","slug":"unbekannt-unbekannt","status":"publish","type":"product","link":"https:\/\/enteha.de\/en\/product\/unbekannt-unbekannt\/","title":{"rendered":"unbekannt  unbekannt"},"content":{"rendered":"<p>L\u00e4nge 3000 mm<br \/>Breite 1400 mm<br \/>H\u00f6he 3500 mm<br \/>Fa\u00dflagerregal f\u00fcr ca. 28 x 200l-F\u00e4sser stehend,<br \/>\nf\u00fcr Au\u00dfenaufstellung, mit Auffangwanne<br \/>\nRegal ist vollverzinkt, \u00fcberdacht und abschlie\u00dfbar.<\/p>","protected":false},"excerpt":{"rendered":"<table>\n<tr>\n<td colspan=\"2\">L\u00e4nge 3000 mm<\/td>\n<\/tr>\n<tr>\n<td colspan=\"2\">Breite 1400 mm<\/td>\n<\/tr>\n<tr>\n<td colspan=\"2\">H\u00f6he 3500 mm<\/td>\n<\/tr>\n<tr>\n<td colspan=\"2\">Fa\u00dflagerregal f\u00fcr ca. 28 x 200l-F\u00e4sser stehend,<\/td>\n<\/tr>\n<tr>\n<td colspan=\"2\"><em>Mehr Informationen auf der Produkt-Seite<\/em><\/td>\n<\/tr>\n<\/table>","protected":false},"featured_media":16169,"template":"","meta":[],"product_brand":[968],"product_cat":[489],"product_tag":[990,239,355],"class_list":{"0":"post-16168","1":"product","2":"type-product","3":"status-publish","4":"has-post-thumbnail","6":"product_brand-unbekannt","7":"product_cat-regalanlage-fuer-paletten","8":"product_tag-regalanlage-fuer-paletten","9":"product_tag-unbekannt","10":"product_tag-verschiedene-einrichtungen","12":"first","13":"instock","14":"shipping-taxable","15":"product-type-simple"},"_links":{"self":[{"href":"https:\/\/enteha.de\/en\/wp-json\/wp\/v2\/product\/16168","targetHints":{"allow":["GET"]}}],"collection":[{"href":"https:\/\/enteha.de\/en\/wp-json\/wp\/v2\/product"}],"about":[{"href":"https:\/\/enteha.de\/en\/wp-json\/wp\/v2\/types\/product"}],"wp:featuredmedia":[{"embeddable":true,"href":"https:\/\/enteha.de\/en\/wp-json\/wp\/v2\/media\/16169"}],"wp:attachment":[{"href":"https:\/\/enteha.de\/en\/wp-json\/wp\/v2\/media?parent=16168"}],"wp:term":[{"taxonomy":"product_brand","embeddable":true,"href":"https:\/\/enteha.de\/en\/wp-json\/wp\/v2\/product_brand?post=16168"},{"taxonomy":"product_cat","embeddable":true,"href":"https:\/\/enteha.de\/en\/wp-json\/wp\/v2\/product_cat?post=16168"},{"taxonomy":"product_tag","embeddable":true,"href":"https:\/\/enteha.de\/en\/wp-json\/wp\/v2\/product_tag?post=16168"}],"curies":[{"name":"wp","href":"https:\/\/api.w.org\/{rel}","templated":true}]}}