{"id":16325,"date":"2026-04-18T11:40:56","date_gmt":"2026-04-18T11:40:56","guid":{"rendered":"https:\/\/enteha.de\/product\/etm-12-g-90-455-dz-jungheinrich\/"},"modified":"2026-04-19T11:08:28","modified_gmt":"2026-04-19T11:08:28","slug":"etm-12-g-90-455-dz-jungheinrich-1991","status":"publish","type":"product","link":"https:\/\/enteha.de\/en\/product\/etm-12-g-90-455-dz-jungheinrich-1991\/","title":{"rendered":"ETM 12 G-90-455 DZ  JUNGHEINRICH 1991"},"content":{"rendered":"<p>Tragf\u00e4higkeit 1200 kg<br \/>Gabell\u00e4nge 1150 mm<br \/>Hubh\u00f6he 4550 mm<br \/>Betriebsspannung 24 V<br \/>Zubeh\u00f6r und Ausr\u00fcstung: Batterieladeger\u00e4t <\/p>","protected":false},"excerpt":{"rendered":"<table>\n<tr>\n<td colspan=\"2\">Tragf\u00e4higkeit 1200 kg<\/td>\n<\/tr>\n<tr>\n<td colspan=\"2\">Gabell\u00e4nge 1150 mm<\/td>\n<\/tr>\n<tr>\n<td colspan=\"2\">Hubh\u00f6he 4550 mm<\/td>\n<\/tr>\n<tr>\n<td colspan=\"2\">Betriebsspannung 24 V<\/td>\n<\/tr>\n<tr>\n<td colspan=\"2\"><em>Mehr Informationen auf der Produkt-Seite<\/em><\/td>\n<\/tr>\n<\/table>","protected":false},"featured_media":16326,"template":"","meta":[],"product_brand":[1017],"product_cat":[712],"product_tag":[661,393,1040],"class_list":{"0":"post-16325","1":"product","2":"type-product","3":"status-publish","4":"has-post-thumbnail","6":"product_brand-jungheinrich","7":"product_cat-schubmaststapler","8":"product_tag-hubwagen-gabelstapler","9":"product_tag-jungheinrich","10":"product_tag-schubmaststapler","12":"first","13":"instock","14":"shipping-taxable","15":"product-type-simple"},"_links":{"self":[{"href":"https:\/\/enteha.de\/en\/wp-json\/wp\/v2\/product\/16325","targetHints":{"allow":["GET"]}}],"collection":[{"href":"https:\/\/enteha.de\/en\/wp-json\/wp\/v2\/product"}],"about":[{"href":"https:\/\/enteha.de\/en\/wp-json\/wp\/v2\/types\/product"}],"wp:featuredmedia":[{"embeddable":true,"href":"https:\/\/enteha.de\/en\/wp-json\/wp\/v2\/media\/16326"}],"wp:attachment":[{"href":"https:\/\/enteha.de\/en\/wp-json\/wp\/v2\/media?parent=16325"}],"wp:term":[{"taxonomy":"product_brand","embeddable":true,"href":"https:\/\/enteha.de\/en\/wp-json\/wp\/v2\/product_brand?post=16325"},{"taxonomy":"product_cat","embeddable":true,"href":"https:\/\/enteha.de\/en\/wp-json\/wp\/v2\/product_cat?post=16325"},{"taxonomy":"product_tag","embeddable":true,"href":"https:\/\/enteha.de\/en\/wp-json\/wp\/v2\/product_tag?post=16325"}],"curies":[{"name":"wp","href":"https:\/\/api.w.org\/{rel}","templated":true}]}}