{"id":16348,"date":"2026-04-18T11:41:24","date_gmt":"2026-04-18T11:41:24","guid":{"rendered":"https:\/\/enteha.de\/product\/unbekannt-5\/"},"modified":"2026-04-19T11:08:50","modified_gmt":"2026-04-19T11:08:50","slug":"unbekannt-unbekannt-2","status":"publish","type":"product","link":"https:\/\/enteha.de\/en\/product\/unbekannt-unbekannt-2\/","title":{"rendered":"UNKNOWN unknown"},"content":{"rendered":"<p>Tischl\u00e4nge 1000 mm<br \/>Tischbreite 1000 mm<br \/>Tischh\u00f6he 900 mm<br \/>Maschinengewicht ca. 200 kg<br \/>Stahl &#8211; Anrei\u00dfplatte mit 3 F\u00fc\u00dfen<br \/>\n1000 x 1000<\/p>","protected":false},"excerpt":{"rendered":"<table>\n<tr>\n<td colspan=\"2\">Tischl\u00e4nge 1000 mm<\/td>\n<\/tr>\n<tr>\n<td colspan=\"2\">Tischbreite 1000 mm<\/td>\n<\/tr>\n<tr>\n<td colspan=\"2\">Tischh\u00f6he 900 mm<\/td>\n<\/tr>\n<tr>\n<td colspan=\"2\">Maschinengewicht ca. 200 kg<\/td>\n<\/tr>\n<tr>\n<td colspan=\"2\"><em>Mehr Informationen auf der Produkt-Seite<\/em><\/td>\n<\/tr>\n<\/table>","protected":false},"featured_media":16349,"template":"","meta":[],"product_brand":[968],"product_cat":[359],"product_tag":[979,360,239],"class_list":{"0":"post-16348","1":"product","2":"type-product","3":"status-publish","4":"has-post-thumbnail","6":"product_brand-unbekannt","7":"product_cat-anreissplatte","8":"product_tag-anreissplatte","9":"product_tag-maschinenzubehoer-etc","10":"product_tag-unbekannt","12":"first","13":"instock","14":"shipping-taxable","15":"product-type-simple"},"_links":{"self":[{"href":"https:\/\/enteha.de\/en\/wp-json\/wp\/v2\/product\/16348","targetHints":{"allow":["GET"]}}],"collection":[{"href":"https:\/\/enteha.de\/en\/wp-json\/wp\/v2\/product"}],"about":[{"href":"https:\/\/enteha.de\/en\/wp-json\/wp\/v2\/types\/product"}],"wp:featuredmedia":[{"embeddable":true,"href":"https:\/\/enteha.de\/en\/wp-json\/wp\/v2\/media\/16349"}],"wp:attachment":[{"href":"https:\/\/enteha.de\/en\/wp-json\/wp\/v2\/media?parent=16348"}],"wp:term":[{"taxonomy":"product_brand","embeddable":true,"href":"https:\/\/enteha.de\/en\/wp-json\/wp\/v2\/product_brand?post=16348"},{"taxonomy":"product_cat","embeddable":true,"href":"https:\/\/enteha.de\/en\/wp-json\/wp\/v2\/product_cat?post=16348"},{"taxonomy":"product_tag","embeddable":true,"href":"https:\/\/enteha.de\/en\/wp-json\/wp\/v2\/product_tag?post=16348"}],"curies":[{"name":"wp","href":"https:\/\/api.w.org\/{rel}","templated":true}]}}