{"id":16364,"date":"2026-04-18T11:41:38","date_gmt":"2026-04-18T11:41:38","guid":{"rendered":"https:\/\/enteha.de\/product\/son-deckel\/"},"modified":"2026-04-19T11:09:16","modified_gmt":"2026-04-19T11:09:16","slug":"s0n-deckel","status":"publish","type":"product","link":"https:\/\/enteha.de\/en\/product\/s0n-deckel\/","title":{"rendered":"S0N  DECKEL"},"content":{"rendered":"<p>Spannzangen-Durchmesser 3-16 mm<br \/>Innenkegel der Kegelspannzangen System DECKEL <br \/>gr. zu schleifender Radius ? mm<br \/>Gesamtleistungsbedarf 0,25 kW<br \/>Maschinengewicht ca. 40 kg<br \/>Graver grinding machine<br \/>\n1 diamond disc \u00d8 100 mm2 corundum discs \u00d8 100 mm1 diamond puller \u00d8 8 mm10<br \/>\nCollets each \u00d8 3\/4\/5\/6\/8\/10\/12\/14\/15\/16<br \/>\nDrive: 0.25<\/p>","protected":false},"excerpt":{"rendered":"<table>\n<tr>\n<td colspan=\"2\">Spannzangen-Durchmesser 3-16 mm<\/td>\n<\/tr>\n<tr>\n<td colspan=\"2\">Innenkegel der Kegelspannzangen System DECKEL<\/td>\n<\/tr>\n<tr>\n<td colspan=\"2\">gr. zu schleifender Radius ? mm<\/td>\n<\/tr>\n<tr>\n<td colspan=\"2\">Gesamtleistungsbedarf 0,25 kW<\/td>\n<\/tr>\n<tr>\n<td colspan=\"2\"><em>Mehr Informationen auf der Produkt-Seite<\/em><\/td>\n<\/tr>\n<\/table>","protected":false},"featured_media":16365,"template":"","meta":[],"product_brand":[948],"product_cat":[284],"product_tag":[111,1053,115],"class_list":{"0":"post-16364","1":"product","2":"type-product","3":"status-publish","4":"has-post-thumbnail","6":"product_brand-deckel","7":"product_cat-fraesstichel-schleifmaschine","8":"product_tag-deckel","9":"product_tag-fraesstichel-schleifmaschine","10":"product_tag-werkzeugschleifmaschinen","12":"first","13":"instock","14":"shipping-taxable","15":"product-type-simple"},"_links":{"self":[{"href":"https:\/\/enteha.de\/en\/wp-json\/wp\/v2\/product\/16364","targetHints":{"allow":["GET"]}}],"collection":[{"href":"https:\/\/enteha.de\/en\/wp-json\/wp\/v2\/product"}],"about":[{"href":"https:\/\/enteha.de\/en\/wp-json\/wp\/v2\/types\/product"}],"wp:featuredmedia":[{"embeddable":true,"href":"https:\/\/enteha.de\/en\/wp-json\/wp\/v2\/media\/16365"}],"wp:attachment":[{"href":"https:\/\/enteha.de\/en\/wp-json\/wp\/v2\/media?parent=16364"}],"wp:term":[{"taxonomy":"product_brand","embeddable":true,"href":"https:\/\/enteha.de\/en\/wp-json\/wp\/v2\/product_brand?post=16364"},{"taxonomy":"product_cat","embeddable":true,"href":"https:\/\/enteha.de\/en\/wp-json\/wp\/v2\/product_cat?post=16364"},{"taxonomy":"product_tag","embeddable":true,"href":"https:\/\/enteha.de\/en\/wp-json\/wp\/v2\/product_tag?post=16364"}],"curies":[{"name":"wp","href":"https:\/\/api.w.org\/{rel}","templated":true}]}}