{"id":16400,"date":"2026-04-18T11:42:21","date_gmt":"2026-04-18T11:42:21","guid":{"rendered":"https:\/\/enteha.de\/product\/arowa\/"},"modified":"2026-04-18T21:13:03","modified_gmt":"2026-04-18T21:13:03","slug":"arowa","status":"publish","type":"product","link":"https:\/\/enteha.de\/en\/product\/arowa\/","title":{"rendered":"AROWA"},"content":{"rendered":"<p>Durchmesser 315 mm<br \/>Spindelkopf Gr\u00f6\u00dfe 8 <br \/>Gesamtleistungsbedarf 0 kW<br \/>3 &#8211; Backenfutter 315 mm, mit Flansch f\u00fcr Spindelkopfgr\u00f6\u00dfe 8<\/p>","protected":false},"excerpt":{"rendered":"<table>\n<tr>\n<td colspan=\"2\">Durchmesser 315 mm<\/td>\n<\/tr>\n<tr>\n<td colspan=\"2\">Spindelkopf Gr\u00f6\u00dfe 8<\/td>\n<\/tr>\n<tr>\n<td colspan=\"2\">Gesamtleistungsbedarf 0 kW<\/td>\n<\/tr>\n<tr>\n<td colspan=\"2\">3 &#8211; Backenfutter 315 mm, mit Flansch f\u00fcr Spindelkopfgr\u00f6\u00dfe 8<\/td>\n<\/tr>\n<tr>\n<td colspan=\"2\"><em>Mehr Informationen auf der Produkt-Seite<\/em><\/td>\n<\/tr>\n<\/table>","protected":false},"featured_media":16401,"template":"","meta":[],"product_brand":[1067],"product_cat":[622],"product_tag":[623,1068,360],"class_list":{"0":"post-16400","1":"product","2":"type-product","3":"status-publish","4":"has-post-thumbnail","6":"product_brand-arowa","7":"product_cat-futter","8":"product_tag-arowa","9":"product_tag-futter","10":"product_tag-maschinenzubehoer-etc","12":"first","13":"instock","14":"sale","15":"product-type-simple"},"_links":{"self":[{"href":"https:\/\/enteha.de\/en\/wp-json\/wp\/v2\/product\/16400","targetHints":{"allow":["GET"]}}],"collection":[{"href":"https:\/\/enteha.de\/en\/wp-json\/wp\/v2\/product"}],"about":[{"href":"https:\/\/enteha.de\/en\/wp-json\/wp\/v2\/types\/product"}],"wp:featuredmedia":[{"embeddable":true,"href":"https:\/\/enteha.de\/en\/wp-json\/wp\/v2\/media\/16401"}],"wp:attachment":[{"href":"https:\/\/enteha.de\/en\/wp-json\/wp\/v2\/media?parent=16400"}],"wp:term":[{"taxonomy":"product_brand","embeddable":true,"href":"https:\/\/enteha.de\/en\/wp-json\/wp\/v2\/product_brand?post=16400"},{"taxonomy":"product_cat","embeddable":true,"href":"https:\/\/enteha.de\/en\/wp-json\/wp\/v2\/product_cat?post=16400"},{"taxonomy":"product_tag","embeddable":true,"href":"https:\/\/enteha.de\/en\/wp-json\/wp\/v2\/product_tag?post=16400"}],"curies":[{"name":"wp","href":"https:\/\/api.w.org\/{rel}","templated":true}]}}