{"id":16427,"date":"2026-04-18T11:42:31","date_gmt":"2026-04-18T11:42:31","guid":{"rendered":"https:\/\/enteha.de\/product\/delta-3-berg-schmid\/"},"modified":"2026-04-19T11:09:57","modified_gmt":"2026-04-19T11:09:57","slug":"delta-3-berg-schmid-1990","status":"publish","type":"product","link":"https:\/\/enteha.de\/en\/product\/delta-3-berg-schmid-1990\/","title":{"rendered":"Delta-3  BERG + SCHMID 1990"},"content":{"rendered":"<p>Gewindedurchmesser 1\/4 bis 3 &#8220;  \/  75 mm<br \/>Gewindel\u00e4nge ? mm<br \/>Gewindesteigung ? mm<br \/>Drehzahl 33 U\/min<br \/>Gesamtleistungsbedarf 1 kW<br \/>Spannung 230 V<br \/>Maschinengewicht ca. 0,074 t<br \/>Raumbedarf ca. 1,2*0,8*1 m<br \/>2 Schneidk\u00f6pfe, 4 S\u00e4tze Schneidbacken, Rohrschneider, Fu\u00dfschalter.<\/p>","protected":false},"excerpt":{"rendered":"<table>\n<tr>\n<td colspan=\"2\">Gewindedurchmesser 1\/4 bis 3 &quot;  \/  75 mm<\/td>\n<\/tr>\n<tr>\n<td colspan=\"2\">Gewindel\u00e4nge ? mm<\/td>\n<\/tr>\n<tr>\n<td colspan=\"2\">Gewindesteigung ? mm<\/td>\n<\/tr>\n<tr>\n<td colspan=\"2\">Drehzahl 33 U\/min<\/td>\n<\/tr>\n<tr>\n<td colspan=\"2\"><em>Mehr Informationen auf der Produkt-Seite<\/em><\/td>\n<\/tr>\n<\/table>","protected":false},"featured_media":16428,"template":"","meta":[],"product_brand":[1070],"product_cat":[342],"product_tag":[327,343,1071],"class_list":{"0":"post-16427","1":"product","2":"type-product","3":"status-publish","4":"has-post-thumbnail","6":"product_brand-berg-schmid","7":"product_cat-gewindeschneidmaschine","8":"product_tag-berg-schmid","9":"product_tag-gewindebearbeitungsmaschinen","10":"product_tag-gewindeschneidmaschine","12":"first","13":"instock","14":"shipping-taxable","15":"product-type-simple"},"_links":{"self":[{"href":"https:\/\/enteha.de\/en\/wp-json\/wp\/v2\/product\/16427","targetHints":{"allow":["GET"]}}],"collection":[{"href":"https:\/\/enteha.de\/en\/wp-json\/wp\/v2\/product"}],"about":[{"href":"https:\/\/enteha.de\/en\/wp-json\/wp\/v2\/types\/product"}],"wp:featuredmedia":[{"embeddable":true,"href":"https:\/\/enteha.de\/en\/wp-json\/wp\/v2\/media\/16428"}],"wp:attachment":[{"href":"https:\/\/enteha.de\/en\/wp-json\/wp\/v2\/media?parent=16427"}],"wp:term":[{"taxonomy":"product_brand","embeddable":true,"href":"https:\/\/enteha.de\/en\/wp-json\/wp\/v2\/product_brand?post=16427"},{"taxonomy":"product_cat","embeddable":true,"href":"https:\/\/enteha.de\/en\/wp-json\/wp\/v2\/product_cat?post=16427"},{"taxonomy":"product_tag","embeddable":true,"href":"https:\/\/enteha.de\/en\/wp-json\/wp\/v2\/product_tag?post=16427"}],"curies":[{"name":"wp","href":"https:\/\/api.w.org\/{rel}","templated":true}]}}