{"id":16788,"date":"2026-04-18T09:11:41","date_gmt":"2026-04-18T09:11:41","guid":{"rendered":"https:\/\/enteha.de\/product\/unbekannt-16\/"},"modified":"2026-04-18T21:32:38","modified_gmt":"2026-04-18T21:32:38","slug":"unbekannt-13","status":"publish","type":"product","link":"https:\/\/enteha.de\/en\/product\/unbekannt-13\/","title":{"rendered":"UNKNOWN"},"content":{"rendered":"<p>Planscheibendurchmesser 250 mm<br \/>Spindelkopf 6 <br \/>Face plate 250 mm<br \/>\nf\u00fcr Spindelkopfgr\u00f6\u00dfe 6 \/ Bajonettverschluss<\/p>","protected":false},"excerpt":{"rendered":"<table>\n<tr>\n<td colspan=\"2\">Planscheibendurchmesser 250 mm<\/td>\n<\/tr>\n<tr>\n<td colspan=\"2\">Spindelkopf 6<\/td>\n<\/tr>\n<tr>\n<td colspan=\"2\">Face plate 250 mm<\/td>\n<\/tr>\n<tr>\n<td colspan=\"2\">f\u00fcr Spindelkopfgr\u00f6\u00dfe 6 \/ Bajonettverschluss<\/td>\n<\/tr>\n<tr>\n<td colspan=\"2\"><em>Mehr Informationen auf der Produkt-Seite<\/em><\/td>\n<\/tr>\n<\/table>","protected":false},"featured_media":16789,"template":"","meta":[],"product_brand":[968],"product_cat":[486],"product_tag":[360,1139,239],"class_list":{"0":"post-16788","1":"product","2":"type-product","3":"status-publish","4":"has-post-thumbnail","6":"product_brand-unbekannt","7":"product_cat-planscheibe","8":"product_tag-maschinenzubehoer-etc","9":"product_tag-planscheibe","10":"product_tag-unbekannt","12":"first","13":"instock","14":"sale","15":"product-type-simple"},"_links":{"self":[{"href":"https:\/\/enteha.de\/en\/wp-json\/wp\/v2\/product\/16788","targetHints":{"allow":["GET"]}}],"collection":[{"href":"https:\/\/enteha.de\/en\/wp-json\/wp\/v2\/product"}],"about":[{"href":"https:\/\/enteha.de\/en\/wp-json\/wp\/v2\/types\/product"}],"wp:featuredmedia":[{"embeddable":true,"href":"https:\/\/enteha.de\/en\/wp-json\/wp\/v2\/media\/16789"}],"wp:attachment":[{"href":"https:\/\/enteha.de\/en\/wp-json\/wp\/v2\/media?parent=16788"}],"wp:term":[{"taxonomy":"product_brand","embeddable":true,"href":"https:\/\/enteha.de\/en\/wp-json\/wp\/v2\/product_brand?post=16788"},{"taxonomy":"product_cat","embeddable":true,"href":"https:\/\/enteha.de\/en\/wp-json\/wp\/v2\/product_cat?post=16788"},{"taxonomy":"product_tag","embeddable":true,"href":"https:\/\/enteha.de\/en\/wp-json\/wp\/v2\/product_tag?post=16788"}],"curies":[{"name":"wp","href":"https:\/\/api.w.org\/{rel}","templated":true}]}}