{"id":16807,"date":"2026-04-18T09:11:52","date_gmt":"2026-04-18T09:11:52","guid":{"rendered":"https:\/\/enteha.de\/product\/161-tg-ess\/"},"modified":"2026-04-18T21:32:55","modified_gmt":"2026-04-18T21:32:55","slug":"161-tg-ess","status":"publish","type":"product","link":"https:\/\/enteha.de\/en\/product\/161-tg-ess\/","title":{"rendered":"161 TG  ESS"},"content":{"rendered":"<p>Stromst\u00e4rke 160 A<br \/>Gesamtleistungsbedarf &#8212; kW<br \/>WIG \/ Elektroden Gleichstrom Schwei\u00dfger\u00e4t 160 A,<br \/>\n220 \/ 380 V connection<br \/>\nWIG Brenner, Elektroden-Brenner, Massekabel, Fu\u00dfschalter,<br \/>\nBedienungsanleitung.Schwei\u00dftisch mit div. Hilsmitteln und Schwei\u00dfst\u00e4ben<\/p>","protected":false},"excerpt":{"rendered":"<table>\n<tr>\n<td colspan=\"2\">Stromst\u00e4rke 160 A<\/td>\n<\/tr>\n<tr>\n<td colspan=\"2\">Gesamtleistungsbedarf &#8212; kW<\/td>\n<\/tr>\n<tr>\n<td colspan=\"2\">WIG \/ Elektroden Gleichstrom Schwei\u00dfger\u00e4t 160 A,<\/td>\n<\/tr>\n<tr>\n<td colspan=\"2\">220 \/ 380 V connection<\/td>\n<\/tr>\n<tr>\n<td colspan=\"2\"><em>Mehr Informationen auf der Produkt-Seite<\/em><\/td>\n<\/tr>\n<\/table>","protected":false},"featured_media":16808,"template":"","meta":[],"product_brand":[1143],"product_cat":[713],"product_tag":[715,937,202],"class_list":{"0":"post-16807","1":"product","2":"type-product","3":"status-publish","4":"has-post-thumbnail","6":"product_brand-ess","7":"product_cat-schutzgasschweissanlage","8":"product_tag-ess","9":"product_tag-schutzgasschweissanlage","10":"product_tag-schweissmaschinen-etc","12":"first","13":"instock","14":"sale","15":"product-type-simple"},"_links":{"self":[{"href":"https:\/\/enteha.de\/en\/wp-json\/wp\/v2\/product\/16807","targetHints":{"allow":["GET"]}}],"collection":[{"href":"https:\/\/enteha.de\/en\/wp-json\/wp\/v2\/product"}],"about":[{"href":"https:\/\/enteha.de\/en\/wp-json\/wp\/v2\/types\/product"}],"wp:featuredmedia":[{"embeddable":true,"href":"https:\/\/enteha.de\/en\/wp-json\/wp\/v2\/media\/16808"}],"wp:attachment":[{"href":"https:\/\/enteha.de\/en\/wp-json\/wp\/v2\/media?parent=16807"}],"wp:term":[{"taxonomy":"product_brand","embeddable":true,"href":"https:\/\/enteha.de\/en\/wp-json\/wp\/v2\/product_brand?post=16807"},{"taxonomy":"product_cat","embeddable":true,"href":"https:\/\/enteha.de\/en\/wp-json\/wp\/v2\/product_cat?post=16807"},{"taxonomy":"product_tag","embeddable":true,"href":"https:\/\/enteha.de\/en\/wp-json\/wp\/v2\/product_tag?post=16807"}],"curies":[{"name":"wp","href":"https:\/\/api.w.org\/{rel}","templated":true}]}}