{"id":16841,"date":"2026-04-18T09:12:20","date_gmt":"2026-04-18T09:12:20","guid":{"rendered":"https:\/\/enteha.de\/product\/vh-2-10-k-bohner-koehle\/"},"modified":"2026-04-19T11:31:15","modified_gmt":"2026-04-19T11:31:15","slug":"vh-2-10-k-bohner-koehle-1994","status":"publish","type":"product","link":"https:\/\/enteha.de\/en\/product\/vh-2-10-k-bohner-koehle-1994\/","title":{"rendered":"VH 2 \/ 10 K  BOHNER + K\u00d6HLE 1994"},"content":{"rendered":"<p>x-Weg 1500 mm<br \/>y-Weg 1500 \/ 1000 mm<br \/>z-Weg 975 mm<br \/>Steuerung Fidia <br \/>Gesamtleistungsbedarf 20 kW<br \/>Maschinengewicht ca. 12,5 t<br \/>Raumbedarf ca. 5 x 6 x 4 m<br \/>No. 3087<br \/>\n5-Achs-Fr\u00e4smaschine BOHNER + K\u00d6HLE VH 2 \/ 10 K<\/p>\n<p>Working area: 1500 x 1500 (1000) x 975<br \/>\nDrive: 14 kW<br \/>\nControl system: Fidia V 7.2 control system<\/p>\n<p>Table 2500 x 1000 mm<br \/>\n16-position tool changer Kelch<\/p>\n<p>Spindle holder SK 50<br \/>\nSpindle speeds 40-5600 min-1<br \/>\nProjection of milling spindle 1030 mm<br \/>\nWeight 12500 kg<br \/>\n13.5 loading metres<br \/>\nGr\u00f6\u00dfte Transportbreite 3 m<br \/>\nGr\u00f6\u00dfte Transporth\u00f6he 3,60 m<\/p>","protected":false},"excerpt":{"rendered":"<table>\n<tr>\n<td colspan=\"2\">x-Weg 1500 mm<\/td>\n<\/tr>\n<tr>\n<td colspan=\"2\">y-Weg 1500 \/ 1000 mm<\/td>\n<\/tr>\n<tr>\n<td colspan=\"2\">z-Weg 975 mm<\/td>\n<\/tr>\n<tr>\n<td colspan=\"2\">Steuerung Fidia<\/td>\n<\/tr>\n<tr>\n<td colspan=\"2\"><em>Mehr Informationen auf der Produkt-Seite<\/em><\/td>\n<\/tr>\n<\/table>","protected":false},"featured_media":16842,"template":"","meta":[],"product_brand":[1150],"product_cat":[103],"product_tag":[104,920,76],"class_list":{"0":"post-16841","1":"product","2":"type-product","3":"status-publish","4":"has-post-thumbnail","6":"product_brand-bohner-koehle","7":"product_cat-fraesmaschine-universal","8":"product_tag-bohner-koehle","9":"product_tag-fraesmaschine-universal","10":"product_tag-fraesmaschinen","12":"first","13":"instock","14":"shipping-taxable","15":"product-type-simple"},"_links":{"self":[{"href":"https:\/\/enteha.de\/en\/wp-json\/wp\/v2\/product\/16841","targetHints":{"allow":["GET"]}}],"collection":[{"href":"https:\/\/enteha.de\/en\/wp-json\/wp\/v2\/product"}],"about":[{"href":"https:\/\/enteha.de\/en\/wp-json\/wp\/v2\/types\/product"}],"wp:featuredmedia":[{"embeddable":true,"href":"https:\/\/enteha.de\/en\/wp-json\/wp\/v2\/media\/16842"}],"wp:attachment":[{"href":"https:\/\/enteha.de\/en\/wp-json\/wp\/v2\/media?parent=16841"}],"wp:term":[{"taxonomy":"product_brand","embeddable":true,"href":"https:\/\/enteha.de\/en\/wp-json\/wp\/v2\/product_brand?post=16841"},{"taxonomy":"product_cat","embeddable":true,"href":"https:\/\/enteha.de\/en\/wp-json\/wp\/v2\/product_cat?post=16841"},{"taxonomy":"product_tag","embeddable":true,"href":"https:\/\/enteha.de\/en\/wp-json\/wp\/v2\/product_tag?post=16841"}],"curies":[{"name":"wp","href":"https:\/\/api.w.org\/{rel}","templated":true}]}}