{"id":16859,"date":"2026-04-18T09:12:28","date_gmt":"2026-04-18T09:12:28","guid":{"rendered":"https:\/\/enteha.de\/product\/2236-deckel\/"},"modified":"2026-04-19T11:31:21","modified_gmt":"2026-04-19T11:31:21","slug":"2236-deckel-unbekannt","status":"publish","type":"product","link":"https:\/\/enteha.de\/en\/product\/2236-deckel-unbekannt\/","title":{"rendered":"2236  DECKEL unbekannt"},"content":{"rendered":"<p>Tischdurchmesser 450 mm<br \/>Tischbelastung 200 kg<br \/>Tischh\u00f6he ? mm<br \/>Maschinengewicht ca. 170 kg<br \/>Raumbedarf ca. 600*600*600 m<br \/>swivelling rotary table \u00d8 450 mm<br \/>\nTable can be rotated through 360\u00b0,<br \/>\nTilt range from and to the machine 15\u00b0 \/ 45\u00b0<br \/>\nkleinste\/gr\u00f6\u00dfte Entfernung von Senkrechtfr\u00e4skopf &#8211; Unterkante bis Rundtisch 0-<br \/>\n370 mm,<br \/>\nNet weight 170 kg<br \/>\nPermissible table load 200 kg<br \/>\n4 clamping grooves, width\/spacing 12 mm \/ 45 mm,<br \/>\n1 cross groove, width 12 mm,<br \/>\nThrough-hole 51 mm<\/p>","protected":false},"excerpt":{"rendered":"<table>\n<tr>\n<td colspan=\"2\">Tischdurchmesser 450 mm<\/td>\n<\/tr>\n<tr>\n<td colspan=\"2\">Tischbelastung 200 kg<\/td>\n<\/tr>\n<tr>\n<td colspan=\"2\">Tischh\u00f6he ? mm<\/td>\n<\/tr>\n<tr>\n<td colspan=\"2\">Maschinengewicht ca. 170 kg<\/td>\n<\/tr>\n<tr>\n<td colspan=\"2\"><em>Mehr Informationen auf der Produkt-Seite<\/em><\/td>\n<\/tr>\n<\/table>","protected":false},"featured_media":16860,"template":"","meta":[],"product_brand":[948],"product_cat":[495],"product_tag":[111,360,986],"class_list":{"0":"post-16859","1":"product","2":"type-product","3":"status-publish","4":"has-post-thumbnail","6":"product_brand-deckel","7":"product_cat-rundtisch-universal","8":"product_tag-deckel","9":"product_tag-maschinenzubehoer-etc","10":"product_tag-rundtisch-universal","12":"first","13":"instock","14":"shipping-taxable","15":"product-type-simple"},"_links":{"self":[{"href":"https:\/\/enteha.de\/en\/wp-json\/wp\/v2\/product\/16859","targetHints":{"allow":["GET"]}}],"collection":[{"href":"https:\/\/enteha.de\/en\/wp-json\/wp\/v2\/product"}],"about":[{"href":"https:\/\/enteha.de\/en\/wp-json\/wp\/v2\/types\/product"}],"wp:featuredmedia":[{"embeddable":true,"href":"https:\/\/enteha.de\/en\/wp-json\/wp\/v2\/media\/16860"}],"wp:attachment":[{"href":"https:\/\/enteha.de\/en\/wp-json\/wp\/v2\/media?parent=16859"}],"wp:term":[{"taxonomy":"product_brand","embeddable":true,"href":"https:\/\/enteha.de\/en\/wp-json\/wp\/v2\/product_brand?post=16859"},{"taxonomy":"product_cat","embeddable":true,"href":"https:\/\/enteha.de\/en\/wp-json\/wp\/v2\/product_cat?post=16859"},{"taxonomy":"product_tag","embeddable":true,"href":"https:\/\/enteha.de\/en\/wp-json\/wp\/v2\/product_tag?post=16859"}],"curies":[{"name":"wp","href":"https:\/\/api.w.org\/{rel}","templated":true}]}}