{"id":16924,"date":"2026-04-18T09:13:10","date_gmt":"2026-04-18T09:13:10","guid":{"rendered":"https:\/\/enteha.de\/product\/nzm-50-330-wgw\/"},"modified":"2026-04-19T11:32:11","modified_gmt":"2026-04-19T11:32:11","slug":"nzm-50-330-wgw","status":"publish","type":"product","link":"https:\/\/enteha.de\/en\/product\/nzm-50-330-wgw\/","title":{"rendered":"NZM 50\/330  WGW"},"content":{"rendered":"<p>Slot width 3 - 50 mm<br \/>Ziehl\u00e4nge 315 mm<br \/>Arbeitsgeschwindigkeit 3 &#8211; 15 m\/min<br \/>Maschinengewicht ca. 1 t<br \/>Raumbedarf ca. 1,5 x 1 x 1,6 m<br \/>No. 3327<br \/>\nKeyseating machine<br \/>\nWGW, type NZM 50\/330<\/p>\n<p>Accessories:<br \/>\n8 drawing tools: 1 x 8 mm \/ 2 x 10 mm \/ 1 x 21 mm \/ 4 x 22 mm<br \/>\nAuflage Adapter f\u00fcr Au\u00dfen-\u00d8 85\/95\/105\/115\/125 &#8211; Bohrung 65 mm<\/p>\n<p>Other:<br \/>\nWorking speed 3-14.7 m\/min<br \/>\nSlot width 3 - 50 mm<br \/>\nSlot length up to 315 mm<\/p>\n<p>Space requirement 1.5 x 1.0 x 1.6 m<br \/>\nWeight approx. 1000 kg<\/p>","protected":false},"excerpt":{"rendered":"<table>\n<tr>\n<td colspan=\"2\">Slot width 3 - 50 mm<\/td>\n<\/tr>\n<tr>\n<td colspan=\"2\">Ziehl\u00e4nge 315 mm<\/td>\n<\/tr>\n<tr>\n<td colspan=\"2\">Arbeitsgeschwindigkeit 3 &#8211; 15 m\/min<\/td>\n<\/tr>\n<tr>\n<td colspan=\"2\">Maschinengewicht ca. 1 t<\/td>\n<\/tr>\n<tr>\n<td colspan=\"2\"><em>Mehr Informationen auf der Produkt-Seite<\/em><\/td>\n<\/tr>\n<\/table>","protected":false},"featured_media":16925,"template":"","meta":[],"product_brand":[1158],"product_cat":[193],"product_tag":[976,195,194],"class_list":{"0":"post-16924","1":"product","2":"type-product","3":"status-publish","4":"has-post-thumbnail","6":"product_brand-wgw","7":"product_cat-nutenziehmaschine","8":"product_tag-nutenziehmaschine","9":"product_tag-stoss-zieh-raeummaschinen","10":"product_tag-wgw","12":"first","13":"instock","14":"shipping-taxable","15":"product-type-simple"},"_links":{"self":[{"href":"https:\/\/enteha.de\/en\/wp-json\/wp\/v2\/product\/16924","targetHints":{"allow":["GET"]}}],"collection":[{"href":"https:\/\/enteha.de\/en\/wp-json\/wp\/v2\/product"}],"about":[{"href":"https:\/\/enteha.de\/en\/wp-json\/wp\/v2\/types\/product"}],"wp:featuredmedia":[{"embeddable":true,"href":"https:\/\/enteha.de\/en\/wp-json\/wp\/v2\/media\/16925"}],"wp:attachment":[{"href":"https:\/\/enteha.de\/en\/wp-json\/wp\/v2\/media?parent=16924"}],"wp:term":[{"taxonomy":"product_brand","embeddable":true,"href":"https:\/\/enteha.de\/en\/wp-json\/wp\/v2\/product_brand?post=16924"},{"taxonomy":"product_cat","embeddable":true,"href":"https:\/\/enteha.de\/en\/wp-json\/wp\/v2\/product_cat?post=16924"},{"taxonomy":"product_tag","embeddable":true,"href":"https:\/\/enteha.de\/en\/wp-json\/wp\/v2\/product_tag?post=16924"}],"curies":[{"name":"wp","href":"https:\/\/api.w.org\/{rel}","templated":true}]}}