{"id":17022,"date":"2026-04-18T09:13:59","date_gmt":"2026-04-18T09:13:59","guid":{"rendered":"https:\/\/enteha.de\/product\/peev-25-ii-wmw\/"},"modified":"2026-04-19T11:43:58","modified_gmt":"2026-04-19T11:43:58","slug":"peev-25-ii-wmw-1965","status":"publish","type":"product","link":"https:\/\/enteha.de\/en\/product\/peev-25-ii-wmw-1965\/","title":{"rendered":"PEEV 25\/II  WMW 1965"},"content":{"rendered":"<p>Druck 25 t<br \/>Ausladung ? mm<br \/>Hub 112 mm<br \/>Gesamtleistungsbedarf 2,2 kW<br \/>Maschinengewicht ca. 1,3 t<br \/>Raumbedarf ca. 1,3*1*2 m<br \/>St\u00f6\u00dfelverstellung 56 mm<br \/>\ngr\u00f6\u00dfte Entfernung Tisch-St\u00f6\u00dfel: 400 mm<br \/>\nAdjustable table approx. 200 mm<br \/>\nProtective shield<br \/>\nFu\u00dfschalter<br \/>\nSt\u00f6\u00dfelhub 6-60<\/p>","protected":false},"excerpt":{"rendered":"<table>\n<tr>\n<td colspan=\"2\">Druck 25 t<\/td>\n<\/tr>\n<tr>\n<td colspan=\"2\">Ausladung ? mm<\/td>\n<\/tr>\n<tr>\n<td colspan=\"2\">Hub 112 mm<\/td>\n<\/tr>\n<tr>\n<td colspan=\"2\">Gesamtleistungsbedarf 2,2 kW<\/td>\n<\/tr>\n<tr>\n<td colspan=\"2\"><em>Mehr Informationen auf der Produkt-Seite<\/em><\/td>\n<\/tr>\n<\/table>","protected":false},"featured_media":17023,"template":"","meta":[],"product_brand":[1170],"product_cat":[161],"product_tag":[931,156,273],"class_list":{"0":"post-17022","1":"product","2":"type-product","3":"status-publish","4":"has-post-thumbnail","6":"product_brand-wmw","7":"product_cat-exzenterpresse-einstaender","8":"product_tag-exzenterpresse-einstaender","9":"product_tag-pressen","10":"product_tag-wmw","12":"first","13":"instock","14":"shipping-taxable","15":"product-type-simple"},"_links":{"self":[{"href":"https:\/\/enteha.de\/en\/wp-json\/wp\/v2\/product\/17022","targetHints":{"allow":["GET"]}}],"collection":[{"href":"https:\/\/enteha.de\/en\/wp-json\/wp\/v2\/product"}],"about":[{"href":"https:\/\/enteha.de\/en\/wp-json\/wp\/v2\/types\/product"}],"wp:featuredmedia":[{"embeddable":true,"href":"https:\/\/enteha.de\/en\/wp-json\/wp\/v2\/media\/17023"}],"wp:attachment":[{"href":"https:\/\/enteha.de\/en\/wp-json\/wp\/v2\/media?parent=17022"}],"wp:term":[{"taxonomy":"product_brand","embeddable":true,"href":"https:\/\/enteha.de\/en\/wp-json\/wp\/v2\/product_brand?post=17022"},{"taxonomy":"product_cat","embeddable":true,"href":"https:\/\/enteha.de\/en\/wp-json\/wp\/v2\/product_cat?post=17022"},{"taxonomy":"product_tag","embeddable":true,"href":"https:\/\/enteha.de\/en\/wp-json\/wp\/v2\/product_tag?post=17022"}],"curies":[{"name":"wp","href":"https:\/\/api.w.org\/{rel}","templated":true}]}}