{"id":17585,"date":"2026-04-18T09:19:56","date_gmt":"2026-04-18T09:19:56","guid":{"rendered":"https:\/\/enteha.de\/product\/vr-80-n-10-messer-griesheim-pollrich\/"},"modified":"2026-04-18T09:19:59","modified_gmt":"2026-04-18T09:19:59","slug":"2081-4512","status":"publish","type":"product","link":"https:\/\/enteha.de\/en\/product\/2081-4512\/","title":{"rendered":"VR 80 N 10  MESSER GRIESHEIM \/ POLLRICH 1996"},"content":{"rendered":"<p>Tischl\u00e4nge ? mm<br \/>Tischbreite ? mm<br \/>Tischh\u00f6he ? mm<br \/>Gesamtleistungsbedarf 1,2 kW<br \/>Maschinengewicht ca. 0,75 t<br \/>Raumbedarf ca. 3,5*1,6*1,5 m<br \/>Set Schwei\u00dfpl\u00e4tze ( 6 St\u00fcck ) + Absaugung<\/p>\n<p>Shipping - Dimensions:<br \/>\n6 Schwei\u00dftische 3 Euro Paletten<br \/>\nSuction approx. 1.6 x 0.8 x 1.5 m on Euro pallet<br \/>\nTotal weight estimated at approx. 750 kg.<\/p>\n<p>6 Schwei\u00df &#8211; Pl\u00e4tze \/ Tische + 1 Absaugung<br \/>\nDrive: 1.2<br \/>\nAbsaugung mit 1,78 m^3 \/ s<\/p>","protected":false},"excerpt":{"rendered":"<table>\n<tr>\n<td colspan=\"2\">Tischl\u00e4nge ? mm<\/td>\n<\/tr>\n<tr>\n<td colspan=\"2\">Tischbreite ? mm<\/td>\n<\/tr>\n<tr>\n<td colspan=\"2\">Tischh\u00f6he ? mm<\/td>\n<\/tr>\n<tr>\n<td colspan=\"2\">Gesamtleistungsbedarf 1,2 kW<\/td>\n<\/tr>\n<tr>\n<td colspan=\"2\"><em>Mehr Informationen auf der Produkt-Seite<\/em><\/td>\n<\/tr>\n<\/table>","protected":false},"featured_media":17586,"template":"","meta":[],"product_brand":[1239],"product_cat":[317],"product_tag":[318,202,1240],"class_list":{"0":"post-17585","1":"product","2":"type-product","3":"status-publish","4":"has-post-thumbnail","6":"product_brand-messer-griesheim-pollrich","7":"product_cat-schweisstisch","8":"product_tag-messer-griesheim-pollrich","9":"product_tag-schweissmaschinen-etc","10":"product_tag-schweisstisch","12":"first","13":"instock","14":"sale","15":"product-type-simple"},"_links":{"self":[{"href":"https:\/\/enteha.de\/en\/wp-json\/wp\/v2\/product\/17585","targetHints":{"allow":["GET"]}}],"collection":[{"href":"https:\/\/enteha.de\/en\/wp-json\/wp\/v2\/product"}],"about":[{"href":"https:\/\/enteha.de\/en\/wp-json\/wp\/v2\/types\/product"}],"wp:featuredmedia":[{"embeddable":true,"href":"https:\/\/enteha.de\/en\/wp-json\/wp\/v2\/media\/17586"}],"wp:attachment":[{"href":"https:\/\/enteha.de\/en\/wp-json\/wp\/v2\/media?parent=17585"}],"wp:term":[{"taxonomy":"product_brand","embeddable":true,"href":"https:\/\/enteha.de\/en\/wp-json\/wp\/v2\/product_brand?post=17585"},{"taxonomy":"product_cat","embeddable":true,"href":"https:\/\/enteha.de\/en\/wp-json\/wp\/v2\/product_cat?post=17585"},{"taxonomy":"product_tag","embeddable":true,"href":"https:\/\/enteha.de\/en\/wp-json\/wp\/v2\/product_tag?post=17585"}],"curies":[{"name":"wp","href":"https:\/\/api.w.org\/{rel}","templated":true}]}}