{"id":17594,"date":"2026-04-18T09:19:59","date_gmt":"2026-04-18T09:19:59","guid":{"rendered":"https:\/\/enteha.de\/product\/anaspec-2\/"},"modified":"2026-04-19T13:04:58","modified_gmt":"2026-04-19T13:04:58","slug":"anaspec-2","status":"publish","type":"product","link":"https:\/\/enteha.de\/en\/product\/anaspec-2\/","title":{"rendered":"ANASPEC"},"content":{"rendered":"<p>L\u00e4nge div. mm<br \/>Breite div. mm<br \/>Hartgestein \/ Granit  Mess- und Anrei\u00dfplatte<\/p>\n<p>Folgende Gr\u00f6\u00dfen sind verf\u00fcgbar:<br \/>\n02 - 520 x 520 x 115 \/ 82 kg<br \/>\n03 - 300 x 250 x 75 \/ 17 kg<br \/>\n04 - 400 x 300 x 80 \/ 28 kg<br \/>\n05 - 400 x 400 x 110 \/ 51 kg<br \/>\n06 - 400 x 400 x 130 \/ 60 kg<br \/>\n10 - 400 x 250 x 110 \/ 32 kg<br \/>\n11 - 400 x 250 x 85 \/ 25 kg<br \/>\n12 - 250 x 250 x 40 \/ 8 kg<br \/>\n13 - 1000 x 1000 x 150<br \/>\n20 - 380 x 400 x 55 \/ 25kg<\/p>\n<p>The panels are sanded, but without a quality certificate<br \/>\nPrice per kilo 2.50 EUR\/kg<\/p>","protected":false},"excerpt":{"rendered":"<table>\n<tr>\n<td colspan=\"2\">L\u00e4nge div. mm<\/td>\n<\/tr>\n<tr>\n<td colspan=\"2\">Breite div. mm<\/td>\n<\/tr>\n<tr>\n<td colspan=\"2\">Hartgestein \/ Granit  Mess- und Anrei\u00dfplatte<\/td>\n<\/tr>\n<tr>\n<td>Folgende Gr\u00f6\u00dfen sind verf\u00fcgbar<\/td>\n<td><\/td>\n<\/tr>\n<tr>\n<td colspan=\"2\"><em>Mehr Informationen auf der Produkt-Seite<\/em><\/td>\n<\/tr>\n<\/table>","protected":false},"featured_media":17595,"template":"","meta":[],"product_brand":[1179],"product_cat":[441],"product_tag":[443,1180,376],"class_list":{"0":"post-17594","1":"product","2":"type-product","3":"status-publish","4":"has-post-thumbnail","6":"product_brand-anaspec","7":"product_cat-hartgesteinplatte","8":"product_tag-anaspec","9":"product_tag-hartgesteinplatte","10":"product_tag-sonstige-maschinen","12":"first","13":"instock","14":"shipping-taxable","15":"product-type-simple"},"_links":{"self":[{"href":"https:\/\/enteha.de\/en\/wp-json\/wp\/v2\/product\/17594","targetHints":{"allow":["GET"]}}],"collection":[{"href":"https:\/\/enteha.de\/en\/wp-json\/wp\/v2\/product"}],"about":[{"href":"https:\/\/enteha.de\/en\/wp-json\/wp\/v2\/types\/product"}],"wp:featuredmedia":[{"embeddable":true,"href":"https:\/\/enteha.de\/en\/wp-json\/wp\/v2\/media\/17595"}],"wp:attachment":[{"href":"https:\/\/enteha.de\/en\/wp-json\/wp\/v2\/media?parent=17594"}],"wp:term":[{"taxonomy":"product_brand","embeddable":true,"href":"https:\/\/enteha.de\/en\/wp-json\/wp\/v2\/product_brand?post=17594"},{"taxonomy":"product_cat","embeddable":true,"href":"https:\/\/enteha.de\/en\/wp-json\/wp\/v2\/product_cat?post=17594"},{"taxonomy":"product_tag","embeddable":true,"href":"https:\/\/enteha.de\/en\/wp-json\/wp\/v2\/product_tag?post=17594"}],"curies":[{"name":"wp","href":"https:\/\/api.w.org\/{rel}","templated":true}]}}