{"id":17688,"date":"2026-04-18T09:21:04","date_gmt":"2026-04-18T09:21:04","guid":{"rendered":"https:\/\/enteha.de\/product\/planscheibe-fuer-spindelgroesse-6-bilsing\/"},"modified":"2026-04-19T13:16:42","modified_gmt":"2026-04-19T13:16:42","slug":"planscheibe-fuer-spindelgroesse-6-bilsing","status":"publish","type":"product","link":"https:\/\/enteha.de\/en\/product\/planscheibe-fuer-spindelgroesse-6-bilsing\/","title":{"rendered":"Planscheibe f\u00fcr Spindelgr\u00f6\u00dfe 6  BILSING"},"content":{"rendered":"<p>Durchmesser 300 mm<br \/>Drehzahl bis max. 785 U\/min<br \/>Gesamtleistungsbedarf 0 kW<br \/>Maschinengewicht ca. ? t<br \/>Raumbedarf ca. ? m<br \/>Planscheibe f\u00fcr Spindelgr\u00f6\u00dfe 6<\/p>\n<p>Working range: \u00d8 300<\/p>\n<p>Control: max. 785 min-1<\/p>","protected":false},"excerpt":{"rendered":"<table>\n<tr>\n<td colspan=\"2\">Durchmesser 300 mm<\/td>\n<\/tr>\n<tr>\n<td colspan=\"2\">Drehzahl bis max. 785 U\/min<\/td>\n<\/tr>\n<tr>\n<td colspan=\"2\">Gesamtleistungsbedarf 0 kW<\/td>\n<\/tr>\n<tr>\n<td colspan=\"2\">Maschinengewicht ca. ? t<\/td>\n<\/tr>\n<tr>\n<td colspan=\"2\"><em>Mehr Informationen auf der Produkt-Seite<\/em><\/td>\n<\/tr>\n<\/table>","protected":false},"featured_media":17689,"template":"","meta":[],"product_brand":[1246],"product_cat":[521],"product_tag":[720,360,1090],"class_list":{"0":"post-17688","1":"product","2":"type-product","3":"status-publish","4":"has-post-thumbnail","6":"product_brand-bilsing","7":"product_cat-spannfutter","8":"product_tag-bilsing","9":"product_tag-maschinenzubehoer-etc","10":"product_tag-spannfutter","12":"first","13":"instock","14":"shipping-taxable","15":"product-type-simple"},"_links":{"self":[{"href":"https:\/\/enteha.de\/en\/wp-json\/wp\/v2\/product\/17688","targetHints":{"allow":["GET"]}}],"collection":[{"href":"https:\/\/enteha.de\/en\/wp-json\/wp\/v2\/product"}],"about":[{"href":"https:\/\/enteha.de\/en\/wp-json\/wp\/v2\/types\/product"}],"wp:featuredmedia":[{"embeddable":true,"href":"https:\/\/enteha.de\/en\/wp-json\/wp\/v2\/media\/17689"}],"wp:attachment":[{"href":"https:\/\/enteha.de\/en\/wp-json\/wp\/v2\/media?parent=17688"}],"wp:term":[{"taxonomy":"product_brand","embeddable":true,"href":"https:\/\/enteha.de\/en\/wp-json\/wp\/v2\/product_brand?post=17688"},{"taxonomy":"product_cat","embeddable":true,"href":"https:\/\/enteha.de\/en\/wp-json\/wp\/v2\/product_cat?post=17688"},{"taxonomy":"product_tag","embeddable":true,"href":"https:\/\/enteha.de\/en\/wp-json\/wp\/v2\/product_tag?post=17688"}],"curies":[{"name":"wp","href":"https:\/\/api.w.org\/{rel}","templated":true}]}}