{"id":18601,"date":"2026-04-18T09:29:47","date_gmt":"2026-04-18T09:29:47","guid":{"rendered":"https:\/\/enteha.de\/product\/mrk-9004-solo-ch\/"},"modified":"2026-04-19T13:26:11","modified_gmt":"2026-04-19T13:26:11","slug":"mrk-9004-solo-ch","status":"publish","type":"product","link":"https:\/\/enteha.de\/en\/product\/mrk-9004-solo-ch\/","title":{"rendered":"MRK 9004  SOLO CH"},"content":{"rendered":"<p>Temperatur max. 1150 \u00b0<br \/>Muffelgr\u00f6\u00dfe (L\u00e4nge) \u00d8 150 <br \/>Muffelgr\u00f6\u00dfe (Breite) \u00d8 150 <br \/>Muffelgr\u00f6\u00dfe (Tiefe) 300 mm<br \/>Gesamtleistungsbedarf 3 kW<br \/>Maschinengewicht ca. 0,15 t<br \/>Raumbedarf ca. 0,8 x 0,5 x 0,7 m<br \/>Oven 90\u00b0 swivelling<br \/>\nCan be used horizontally \/ vertically<\/p>","protected":false},"excerpt":{"rendered":"<table>\n<tr>\n<td colspan=\"2\">Temperatur max. 1150 \u00b0<\/td>\n<\/tr>\n<tr>\n<td colspan=\"2\">Muffelgr\u00f6\u00dfe (L\u00e4nge) \u00d8 150<\/td>\n<\/tr>\n<tr>\n<td colspan=\"2\">Muffelgr\u00f6\u00dfe (Breite) \u00d8 150<\/td>\n<\/tr>\n<tr>\n<td colspan=\"2\">Muffelgr\u00f6\u00dfe (Tiefe) 300 mm<\/td>\n<\/tr>\n<tr>\n<td colspan=\"2\"><em>Mehr Informationen auf der Produkt-Seite<\/em><\/td>\n<\/tr>\n<\/table>","protected":false},"featured_media":18602,"template":"","meta":[],"product_brand":[1353],"product_cat":[329],"product_tag":[1354,331,330],"class_list":{"0":"post-18601","1":"product","2":"type-product","3":"status-publish","4":"has-post-thumbnail","6":"product_brand-solo-ch","7":"product_cat-haerteanlage-elektro","8":"product_tag-haerteanlage-elektro","9":"product_tag-oberflaechenbehandlung","10":"product_tag-solo-ch","12":"first","13":"instock","14":"shipping-taxable","15":"product-type-simple"},"_links":{"self":[{"href":"https:\/\/enteha.de\/en\/wp-json\/wp\/v2\/product\/18601","targetHints":{"allow":["GET"]}}],"collection":[{"href":"https:\/\/enteha.de\/en\/wp-json\/wp\/v2\/product"}],"about":[{"href":"https:\/\/enteha.de\/en\/wp-json\/wp\/v2\/types\/product"}],"wp:featuredmedia":[{"embeddable":true,"href":"https:\/\/enteha.de\/en\/wp-json\/wp\/v2\/media\/18602"}],"wp:attachment":[{"href":"https:\/\/enteha.de\/en\/wp-json\/wp\/v2\/media?parent=18601"}],"wp:term":[{"taxonomy":"product_brand","embeddable":true,"href":"https:\/\/enteha.de\/en\/wp-json\/wp\/v2\/product_brand?post=18601"},{"taxonomy":"product_cat","embeddable":true,"href":"https:\/\/enteha.de\/en\/wp-json\/wp\/v2\/product_cat?post=18601"},{"taxonomy":"product_tag","embeddable":true,"href":"https:\/\/enteha.de\/en\/wp-json\/wp\/v2\/product_tag?post=18601"}],"curies":[{"name":"wp","href":"https:\/\/api.w.org\/{rel}","templated":true}]}}