{"id":18697,"date":"2026-04-18T09:30:47","date_gmt":"2026-04-18T09:30:47","guid":{"rendered":"https:\/\/enteha.de\/product\/gr-820-h-mk-6-x-1600-stimin-s-a-infratirea-oradea\/"},"modified":"2026-04-18T21:56:28","modified_gmt":"2026-04-18T21:56:28","slug":"gr-820-h-mk-6-x-1600-stimin-s-a-infratirea-oradea-2004","status":"publish","type":"product","link":"https:\/\/enteha.de\/en\/product\/gr-820-h-mk-6-x-1600-stimin-s-a-infratirea-oradea-2004\/","title":{"rendered":"GR 820 H &#8211; MK 6 x 1600  STIMIN S.A. INFRATIREA- ORADEA 2004"},"content":{"rendered":"<p>Bohrleistung in Stahl (Durchmesser) 80 ( 100 ) mm<br \/>Drehzahl 20 &#8211; 1400 U\/min<br \/>Spindelaufnahme MK 6 <br \/>Drehrichtung (links o. rechts) Rechts- + Linkslauf <br \/>Pinolenhub 400 mm<br \/>Vorschubbereich &#8211; Spindel 0,045 &#8211; 1,5 mm\/U<br \/>Ausladung 1600 mm<br \/>Werkst\u00fcckh\u00f6he &#8211; max. 400 &#8211; 1800 mm<br \/>Aufspannfl\u00e4che der Grundplatte 1170 * 2185 mm<br \/>Zubeh\u00f6r: 2x W\u00fcrfeltisch+K\u00fchlmittel <br \/>Zentralklemmung elektrisch Elektro &#8211; Mechanisch <br \/>Gesamtleistungsbedarf 14 kW<br \/>Maschinengewicht ca. 8,5 t<br \/>Raumbedarf ca. 3 x 1,5 x 3,9 m<\/p>","protected":false},"excerpt":{"rendered":"<table>\n<tr>\n<td colspan=\"2\">Bohrleistung in Stahl (Durchmesser) 80 ( 100 ) mm<\/td>\n<\/tr>\n<tr>\n<td colspan=\"2\">Drehzahl 20 &#8211; 1400 U\/min<\/td>\n<\/tr>\n<tr>\n<td colspan=\"2\">Spindelaufnahme MK 6<\/td>\n<\/tr>\n<tr>\n<td colspan=\"2\">Drehrichtung (links o. rechts) Rechts- + Linkslauf<\/td>\n<\/tr>\n<tr>\n<td colspan=\"2\"><em>Mehr Informationen auf der Produkt-Seite<\/em><\/td>\n<\/tr>\n<\/table>","protected":false},"featured_media":18698,"template":"","meta":[],"product_brand":[1363],"product_cat":[829],"product_tag":[629,1157,858],"class_list":{"0":"post-18697","1":"product","2":"type-product","3":"status-publish","4":"has-post-thumbnail","6":"product_brand-stimin-s-a-infratirea-oradea","7":"product_cat-radialbohrmaschine-bohrmaschinen","8":"product_tag-bohrmaschinen","9":"product_tag-radialbohrmaschine","10":"product_tag-stimin-s-a-infratirea-oradea","12":"first","13":"instock","14":"sale","15":"product-type-simple"},"_links":{"self":[{"href":"https:\/\/enteha.de\/en\/wp-json\/wp\/v2\/product\/18697","targetHints":{"allow":["GET"]}}],"collection":[{"href":"https:\/\/enteha.de\/en\/wp-json\/wp\/v2\/product"}],"about":[{"href":"https:\/\/enteha.de\/en\/wp-json\/wp\/v2\/types\/product"}],"wp:featuredmedia":[{"embeddable":true,"href":"https:\/\/enteha.de\/en\/wp-json\/wp\/v2\/media\/18698"}],"wp:attachment":[{"href":"https:\/\/enteha.de\/en\/wp-json\/wp\/v2\/media?parent=18697"}],"wp:term":[{"taxonomy":"product_brand","embeddable":true,"href":"https:\/\/enteha.de\/en\/wp-json\/wp\/v2\/product_brand?post=18697"},{"taxonomy":"product_cat","embeddable":true,"href":"https:\/\/enteha.de\/en\/wp-json\/wp\/v2\/product_cat?post=18697"},{"taxonomy":"product_tag","embeddable":true,"href":"https:\/\/enteha.de\/en\/wp-json\/wp\/v2\/product_tag?post=18697"}],"curies":[{"name":"wp","href":"https:\/\/api.w.org\/{rel}","templated":true}]}}