{"id":18864,"date":"2026-04-18T09:33:03","date_gmt":"2026-04-18T09:33:03","guid":{"rendered":"https:\/\/enteha.de\/product\/370-k-2-knoll\/"},"modified":"2026-04-19T13:30:32","modified_gmt":"2026-04-19T13:30:32","slug":"370-k-2-knoll-1985","status":"publish","type":"product","link":"https:\/\/enteha.de\/en\/product\/370-k-2-knoll-1985\/","title":{"rendered":"370 K-2  KNOLL 1985"},"content":{"rendered":"<p>Gesamtl\u00e4nge 3850 mm<br \/>Bandbreite 280 mm<br \/>F\u00f6rderh\u00f6he Abwurfh\u00f6he 1200 <br \/>Gesamtleistungsbedarf F\u00f6rderer 0,15 + Pumpe 1 kW<br \/>Maschinengewicht ca. 0,5 t<br \/>Raumbedarf ca. 4 x 1,3 (0,4) x 1,7 m<br \/>No. 5530<br \/>\n1 gebr. Kratzbandf\u00f6rderer KNOLL 370 K-2<br \/>\nSlide-in \/ feed area approx. 370 x 2050 x 285 mm<br \/>\nTank approx. 250 litres plus belt volume (approx. 250 litres)<br \/>\nPump approx. 228 l \/ 1 bar<\/p>","protected":false},"excerpt":{"rendered":"<table>\n<tr>\n<td colspan=\"2\">Gesamtl\u00e4nge 3850 mm<\/td>\n<\/tr>\n<tr>\n<td colspan=\"2\">Bandbreite 280 mm<\/td>\n<\/tr>\n<tr>\n<td colspan=\"2\">F\u00f6rderh\u00f6he Abwurfh\u00f6he 1200<\/td>\n<\/tr>\n<tr>\n<td colspan=\"2\">Gesamtleistungsbedarf F\u00f6rderer 0,15 + Pumpe 1 kW<\/td>\n<\/tr>\n<tr>\n<td colspan=\"2\"><em>Mehr Informationen auf der Produkt-Seite<\/em><\/td>\n<\/tr>\n<\/table>","protected":false},"featured_media":18865,"template":"","meta":[],"product_brand":[1386],"product_cat":[523],"product_tag":[589,360,1384],"class_list":{"0":"post-18864","1":"product","2":"type-product","3":"status-publish","4":"has-post-thumbnail","6":"product_brand-knoll","7":"product_cat-spaenefoerderer","8":"product_tag-knoll","9":"product_tag-maschinenzubehoer-etc","10":"product_tag-spaenefoerderer","12":"first","13":"instock","14":"shipping-taxable","15":"product-type-simple"},"_links":{"self":[{"href":"https:\/\/enteha.de\/en\/wp-json\/wp\/v2\/product\/18864","targetHints":{"allow":["GET"]}}],"collection":[{"href":"https:\/\/enteha.de\/en\/wp-json\/wp\/v2\/product"}],"about":[{"href":"https:\/\/enteha.de\/en\/wp-json\/wp\/v2\/types\/product"}],"wp:featuredmedia":[{"embeddable":true,"href":"https:\/\/enteha.de\/en\/wp-json\/wp\/v2\/media\/18865"}],"wp:attachment":[{"href":"https:\/\/enteha.de\/en\/wp-json\/wp\/v2\/media?parent=18864"}],"wp:term":[{"taxonomy":"product_brand","embeddable":true,"href":"https:\/\/enteha.de\/en\/wp-json\/wp\/v2\/product_brand?post=18864"},{"taxonomy":"product_cat","embeddable":true,"href":"https:\/\/enteha.de\/en\/wp-json\/wp\/v2\/product_cat?post=18864"},{"taxonomy":"product_tag","embeddable":true,"href":"https:\/\/enteha.de\/en\/wp-json\/wp\/v2\/product_tag?post=18864"}],"curies":[{"name":"wp","href":"https:\/\/api.w.org\/{rel}","templated":true}]}}