{"id":18920,"date":"2026-04-18T09:33:23","date_gmt":"2026-04-18T09:33:23","guid":{"rendered":"https:\/\/enteha.de\/product\/spaenefangschale-spaenewanne-deckel\/"},"modified":"2026-04-19T13:31:10","modified_gmt":"2026-04-19T13:31:10","slug":"spaenefangschale-spaenewanne-deckel","status":"publish","type":"product","link":"https:\/\/enteha.de\/en\/product\/spaenefangschale-spaenewanne-deckel\/","title":{"rendered":"Spaenefangschale Spaenewanne  DECKEL"},"content":{"rendered":"<p>Gesamtleistungsbedarf 0 kW<br \/>Maschinengewicht ca. 20 kg<br \/>Raumbedarf ca. ? m<br \/>Sp\u00e4ne Auffangschale Sp\u00e4newanne f\u00fcr Rundtisch + Teilkopf o.\u00e4.<\/p>","protected":false},"excerpt":{"rendered":"<table>\n<tr>\n<td colspan=\"2\">Gesamtleistungsbedarf 0 kW<\/td>\n<\/tr>\n<tr>\n<td colspan=\"2\">Maschinengewicht ca. 20 kg<\/td>\n<\/tr>\n<tr>\n<td colspan=\"2\">Raumbedarf ca. ? m<\/td>\n<\/tr>\n<tr>\n<td colspan=\"2\">Sp\u00e4ne Auffangschale Sp\u00e4newanne f\u00fcr Rundtisch + Teilkopf o.\u00e4.<\/td>\n<\/tr>\n<tr>\n<td colspan=\"2\"><em>Mehr Informationen auf der Produkt-Seite<\/em><\/td>\n<\/tr>\n<\/table>","protected":false},"featured_media":18921,"template":"","meta":[],"product_brand":[948],"product_cat":[453],"product_tag":[111,1344,360],"class_list":{"0":"post-18920","1":"product","2":"type-product","3":"status-publish","4":"has-post-thumbnail","6":"product_brand-deckel","7":"product_cat-kabine","8":"product_tag-deckel","9":"product_tag-kabine","10":"product_tag-maschinenzubehoer-etc","12":"first","13":"instock","14":"shipping-taxable","15":"product-type-simple"},"_links":{"self":[{"href":"https:\/\/enteha.de\/en\/wp-json\/wp\/v2\/product\/18920","targetHints":{"allow":["GET"]}}],"collection":[{"href":"https:\/\/enteha.de\/en\/wp-json\/wp\/v2\/product"}],"about":[{"href":"https:\/\/enteha.de\/en\/wp-json\/wp\/v2\/types\/product"}],"wp:featuredmedia":[{"embeddable":true,"href":"https:\/\/enteha.de\/en\/wp-json\/wp\/v2\/media\/18921"}],"wp:attachment":[{"href":"https:\/\/enteha.de\/en\/wp-json\/wp\/v2\/media?parent=18920"}],"wp:term":[{"taxonomy":"product_brand","embeddable":true,"href":"https:\/\/enteha.de\/en\/wp-json\/wp\/v2\/product_brand?post=18920"},{"taxonomy":"product_cat","embeddable":true,"href":"https:\/\/enteha.de\/en\/wp-json\/wp\/v2\/product_cat?post=18920"},{"taxonomy":"product_tag","embeddable":true,"href":"https:\/\/enteha.de\/en\/wp-json\/wp\/v2\/product_tag?post=18920"}],"curies":[{"name":"wp","href":"https:\/\/api.w.org\/{rel}","templated":true}]}}