{"id":19561,"date":"2026-04-18T09:43:12","date_gmt":"2026-04-18T09:43:12","guid":{"rendered":"https:\/\/enteha.de\/product\/8-schubladen-zelenka\/"},"modified":"2026-04-18T22:15:17","modified_gmt":"2026-04-18T22:15:17","slug":"8-schubladen-zelenka","status":"publish","type":"product","link":"https:\/\/enteha.de\/en\/product\/8-schubladen-zelenka\/","title":{"rendered":"8 Schubladen  Zelenka"},"content":{"rendered":"<p>Versandma\u00df 750 * 750 * 1100 m<br \/>Versandgewicht 100 kg<br \/>Zubeh\u00f6r und Ausr\u00fcstung: 8 Z\u00fcge <\/p>","protected":false},"excerpt":{"rendered":"<table>\n<tr>\n<td colspan=\"2\">Versandma\u00df 750 * 750 * 1100 m<\/td>\n<\/tr>\n<tr>\n<td colspan=\"2\">Versandgewicht 100 kg<\/td>\n<\/tr>\n<tr>\n<td>Zubeh\u00f6r und Ausr\u00fcstung<\/td>\n<td>8 Z\u00fcge<\/td>\n<\/tr>\n<tr>\n<td colspan=\"2\"><em>Mehr Informationen auf der Produkt-Seite<\/em><\/td>\n<\/tr>\n<\/table>","protected":false},"featured_media":19562,"template":"","meta":[],"product_brand":[1443],"product_cat":[847],"product_tag":[1444,561,848],"class_list":{"0":"post-19561","1":"product","2":"type-product","3":"status-publish","4":"has-post-thumbnail","6":"product_brand-zelenka","7":"product_cat-schubladenschraenke","8":"product_tag-schubladenschraenke","9":"product_tag-werkstatteinrichtung-betriebsausstattung","10":"product_tag-zelenka","12":"first","13":"instock","14":"sale","15":"product-type-simple"},"_links":{"self":[{"href":"https:\/\/enteha.de\/en\/wp-json\/wp\/v2\/product\/19561","targetHints":{"allow":["GET"]}}],"collection":[{"href":"https:\/\/enteha.de\/en\/wp-json\/wp\/v2\/product"}],"about":[{"href":"https:\/\/enteha.de\/en\/wp-json\/wp\/v2\/types\/product"}],"wp:featuredmedia":[{"embeddable":true,"href":"https:\/\/enteha.de\/en\/wp-json\/wp\/v2\/media\/19562"}],"wp:attachment":[{"href":"https:\/\/enteha.de\/en\/wp-json\/wp\/v2\/media?parent=19561"}],"wp:term":[{"taxonomy":"product_brand","embeddable":true,"href":"https:\/\/enteha.de\/en\/wp-json\/wp\/v2\/product_brand?post=19561"},{"taxonomy":"product_cat","embeddable":true,"href":"https:\/\/enteha.de\/en\/wp-json\/wp\/v2\/product_cat?post=19561"},{"taxonomy":"product_tag","embeddable":true,"href":"https:\/\/enteha.de\/en\/wp-json\/wp\/v2\/product_tag?post=19561"}],"curies":[{"name":"wp","href":"https:\/\/api.w.org\/{rel}","templated":true}]}}