{"id":19571,"date":"2026-04-18T09:43:31","date_gmt":"2026-04-18T09:43:31","guid":{"rendered":"https:\/\/enteha.de\/product\/hoffmann\/"},"modified":"2026-04-18T22:15:28","modified_gmt":"2026-04-18T22:15:28","slug":"hoffmann-unbekannt","status":"publish","type":"product","link":"https:\/\/enteha.de\/en\/product\/hoffmann-unbekannt\/","title":{"rendered":"&#8211;  HOFFMANN unbekannt"},"content":{"rendered":"<p>Tischplattengr\u00f6\u00dfe 2000*700*850\/1325 mm<br \/>Plattenst\u00e4rke 50 mm<br \/>Zubeh\u00f6r und Ausr\u00fcstung: 4 Schubladen + 2 T\u00fcren <\/p>","protected":false},"excerpt":{"rendered":"<table>\n<tr>\n<td colspan=\"2\">Tischplattengr\u00f6\u00dfe 2000*700*850\/1325 mm<\/td>\n<\/tr>\n<tr>\n<td colspan=\"2\">Plattenst\u00e4rke 50 mm<\/td>\n<\/tr>\n<tr>\n<td>Zubeh\u00f6r und Ausr\u00fcstung<\/td>\n<td>4 Schubladen + 2 T\u00fcren<\/td>\n<\/tr>\n<tr>\n<td colspan=\"2\"><em>Mehr Informationen auf der Produkt-Seite<\/em><\/td>\n<\/tr>\n<\/table>","protected":false},"featured_media":19572,"template":"","meta":[],"product_brand":[1446],"product_cat":[856],"product_tag":[857,1447,561],"class_list":{"0":"post-19571","1":"product","2":"type-product","3":"status-publish","4":"has-post-thumbnail","6":"product_brand-hoffmann","7":"product_cat-werkbaenke","8":"product_tag-hoffmann","9":"product_tag-werkbaenke","10":"product_tag-werkstatteinrichtung-betriebsausstattung","12":"first","13":"instock","14":"sale","15":"product-type-simple"},"_links":{"self":[{"href":"https:\/\/enteha.de\/en\/wp-json\/wp\/v2\/product\/19571","targetHints":{"allow":["GET"]}}],"collection":[{"href":"https:\/\/enteha.de\/en\/wp-json\/wp\/v2\/product"}],"about":[{"href":"https:\/\/enteha.de\/en\/wp-json\/wp\/v2\/types\/product"}],"wp:featuredmedia":[{"embeddable":true,"href":"https:\/\/enteha.de\/en\/wp-json\/wp\/v2\/media\/19572"}],"wp:attachment":[{"href":"https:\/\/enteha.de\/en\/wp-json\/wp\/v2\/media?parent=19571"}],"wp:term":[{"taxonomy":"product_brand","embeddable":true,"href":"https:\/\/enteha.de\/en\/wp-json\/wp\/v2\/product_brand?post=19571"},{"taxonomy":"product_cat","embeddable":true,"href":"https:\/\/enteha.de\/en\/wp-json\/wp\/v2\/product_cat?post=19571"},{"taxonomy":"product_tag","embeddable":true,"href":"https:\/\/enteha.de\/en\/wp-json\/wp\/v2\/product_tag?post=19571"}],"curies":[{"name":"wp","href":"https:\/\/api.w.org\/{rel}","templated":true}]}}