{"id":19573,"date":"2026-04-18T09:43:35","date_gmt":"2026-04-18T09:43:35","guid":{"rendered":"https:\/\/enteha.de\/product\/hoffmann-2\/"},"modified":"2026-04-19T15:01:23","modified_gmt":"2026-04-19T15:01:23","slug":"hoffmann","status":"publish","type":"product","link":"https:\/\/enteha.de\/en\/product\/hoffmann\/","title":{"rendered":"HOFFMANN"},"content":{"rendered":"<p>Breite 590 mm<br \/>Tiefe 630 mm<br \/>H\u00f6he 1060 mm<br \/>Zubeh\u00f6r und Ausr\u00fcstung: 1 T\u00fcr+ 2 Schubladen <\/p>","protected":false},"excerpt":{"rendered":"<table>\n<tr>\n<td colspan=\"2\">Breite 590 mm<\/td>\n<\/tr>\n<tr>\n<td colspan=\"2\">Tiefe 630 mm<\/td>\n<\/tr>\n<tr>\n<td colspan=\"2\">H\u00f6he 1060 mm<\/td>\n<\/tr>\n<tr>\n<td>Zubeh\u00f6r und Ausr\u00fcstung<\/td>\n<td>1 T\u00fcr+ 2 Schubladen<\/td>\n<\/tr>\n<tr>\n<td colspan=\"2\"><em>Mehr Informationen auf der Produkt-Seite<\/em><\/td>\n<\/tr>\n<\/table>","protected":false},"featured_media":19574,"template":"","meta":[],"product_brand":[1446],"product_cat":[559],"product_tag":[857,561,1082],"class_list":{"0":"post-19573","1":"product","2":"type-product","3":"status-publish","4":"has-post-thumbnail","6":"product_brand-hoffmann","7":"product_cat-werkzeugschraenke","8":"product_tag-hoffmann","9":"product_tag-werkstatteinrichtung-betriebsausstattung","10":"product_tag-werkzeugschraenke","12":"first","13":"instock","14":"shipping-taxable","15":"product-type-simple"},"_links":{"self":[{"href":"https:\/\/enteha.de\/en\/wp-json\/wp\/v2\/product\/19573","targetHints":{"allow":["GET"]}}],"collection":[{"href":"https:\/\/enteha.de\/en\/wp-json\/wp\/v2\/product"}],"about":[{"href":"https:\/\/enteha.de\/en\/wp-json\/wp\/v2\/types\/product"}],"wp:featuredmedia":[{"embeddable":true,"href":"https:\/\/enteha.de\/en\/wp-json\/wp\/v2\/media\/19574"}],"wp:attachment":[{"href":"https:\/\/enteha.de\/en\/wp-json\/wp\/v2\/media?parent=19573"}],"wp:term":[{"taxonomy":"product_brand","embeddable":true,"href":"https:\/\/enteha.de\/en\/wp-json\/wp\/v2\/product_brand?post=19573"},{"taxonomy":"product_cat","embeddable":true,"href":"https:\/\/enteha.de\/en\/wp-json\/wp\/v2\/product_cat?post=19573"},{"taxonomy":"product_tag","embeddable":true,"href":"https:\/\/enteha.de\/en\/wp-json\/wp\/v2\/product_tag?post=19573"}],"curies":[{"name":"wp","href":"https:\/\/api.w.org\/{rel}","templated":true}]}}