{"id":19800,"date":"2026-04-18T09:47:13","date_gmt":"2026-04-18T09:47:13","guid":{"rendered":"https:\/\/enteha.de\/product\/mr-170-heraeus\/"},"modified":"2026-04-19T15:04:09","modified_gmt":"2026-04-19T15:04:09","slug":"mr-170-heraeus","status":"publish","type":"product","link":"https:\/\/enteha.de\/en\/product\/mr-170-heraeus\/","title":{"rendered":"MR 170  HERAEUS"},"content":{"rendered":"<p>Temperatur max. 1000 \u00b0<br \/>Muffelgr\u00f6\u00dfe (L\u00e4nge) 170 <br \/>Muffelgr\u00f6\u00dfe (Breite) 90 <br \/>Muffelgr\u00f6\u00dfe (Tiefe) 250 mm<br \/>Gesamtleistungsbedarf 3 kW<br \/>Maschinengewicht ca. 0,2 t<br \/>Raumbedarf ca. 1*0,6*0,6 m<\/p>","protected":false},"excerpt":{"rendered":"<table>\n<tr>\n<td colspan=\"2\">Temperatur max. 1000 \u00b0<\/td>\n<\/tr>\n<tr>\n<td colspan=\"2\">Muffelgr\u00f6\u00dfe (L\u00e4nge) 170<\/td>\n<\/tr>\n<tr>\n<td colspan=\"2\">Muffelgr\u00f6\u00dfe (Breite) 90<\/td>\n<\/tr>\n<tr>\n<td colspan=\"2\">Muffelgr\u00f6\u00dfe (Tiefe) 250 mm<\/td>\n<\/tr>\n<tr>\n<td colspan=\"2\"><em>Mehr Informationen auf der Produkt-Seite<\/em><\/td>\n<\/tr>\n<\/table>","protected":false},"featured_media":19801,"template":"","meta":[],"product_brand":[1490],"product_cat":[329],"product_tag":[1354,852,331],"class_list":{"0":"post-19800","1":"product","2":"type-product","3":"status-publish","4":"has-post-thumbnail","6":"product_brand-heraeus","7":"product_cat-haerteanlage-elektro","8":"product_tag-haerteanlage-elektro","9":"product_tag-heraeus","10":"product_tag-oberflaechenbehandlung","12":"first","13":"instock","14":"shipping-taxable","15":"product-type-simple"},"_links":{"self":[{"href":"https:\/\/enteha.de\/en\/wp-json\/wp\/v2\/product\/19800","targetHints":{"allow":["GET"]}}],"collection":[{"href":"https:\/\/enteha.de\/en\/wp-json\/wp\/v2\/product"}],"about":[{"href":"https:\/\/enteha.de\/en\/wp-json\/wp\/v2\/types\/product"}],"wp:featuredmedia":[{"embeddable":true,"href":"https:\/\/enteha.de\/en\/wp-json\/wp\/v2\/media\/19801"}],"wp:attachment":[{"href":"https:\/\/enteha.de\/en\/wp-json\/wp\/v2\/media?parent=19800"}],"wp:term":[{"taxonomy":"product_brand","embeddable":true,"href":"https:\/\/enteha.de\/en\/wp-json\/wp\/v2\/product_brand?post=19800"},{"taxonomy":"product_cat","embeddable":true,"href":"https:\/\/enteha.de\/en\/wp-json\/wp\/v2\/product_cat?post=19800"},{"taxonomy":"product_tag","embeddable":true,"href":"https:\/\/enteha.de\/en\/wp-json\/wp\/v2\/product_tag?post=19800"}],"curies":[{"name":"wp","href":"https:\/\/api.w.org\/{rel}","templated":true}]}}