{"id":19813,"date":"2026-04-18T09:47:20","date_gmt":"2026-04-18T09:47:20","guid":{"rendered":"https:\/\/enteha.de\/product\/mr-260-100heraeus\/"},"modified":"2026-04-19T15:04:13","modified_gmt":"2026-04-19T15:04:13","slug":"mr-260-100heraeus","status":"publish","type":"product","link":"https:\/\/enteha.de\/en\/product\/mr-260-100heraeus\/","title":{"rendered":"MR 260  100HERAEUS"},"content":{"rendered":"<p>Temperatur max. 1000 \u00b0<br \/>Muffelgr\u00f6\u00dfe (L\u00e4nge) H\u00f6he 160 mm<br \/>Muffelgr\u00f6\u00dfe (Breite) 260 mm<br \/>Muffelgr\u00f6\u00dfe (Tiefe) 450 mm<br \/>Gesamtleistungsbedarf 8 kW<br \/>Maschinengewicht ca. 0,25 t<br \/>Raumbedarf ca. 1,2*0,7*1,6 m<\/p>","protected":false},"excerpt":{"rendered":"<table>\n<tr>\n<td colspan=\"2\">Temperatur max. 1000 \u00b0<\/td>\n<\/tr>\n<tr>\n<td colspan=\"2\">Muffelgr\u00f6\u00dfe (L\u00e4nge) H\u00f6he 160 mm<\/td>\n<\/tr>\n<tr>\n<td colspan=\"2\">Muffelgr\u00f6\u00dfe (Breite) 260 mm<\/td>\n<\/tr>\n<tr>\n<td colspan=\"2\">Muffelgr\u00f6\u00dfe (Tiefe) 450 mm<\/td>\n<\/tr>\n<tr>\n<td colspan=\"2\"><em>Mehr Informationen auf der Produkt-Seite<\/em><\/td>\n<\/tr>\n<\/table>","protected":false},"featured_media":19814,"template":"","meta":[],"product_brand":[1493],"product_cat":[329],"product_tag":[853,1354,331],"class_list":{"0":"post-19813","1":"product","2":"type-product","3":"status-publish","4":"has-post-thumbnail","6":"product_brand-100heraeus","7":"product_cat-haerteanlage-elektro","8":"product_tag-100heraeus","9":"product_tag-haerteanlage-elektro","10":"product_tag-oberflaechenbehandlung","12":"first","13":"instock","14":"shipping-taxable","15":"product-type-simple"},"_links":{"self":[{"href":"https:\/\/enteha.de\/en\/wp-json\/wp\/v2\/product\/19813","targetHints":{"allow":["GET"]}}],"collection":[{"href":"https:\/\/enteha.de\/en\/wp-json\/wp\/v2\/product"}],"about":[{"href":"https:\/\/enteha.de\/en\/wp-json\/wp\/v2\/types\/product"}],"wp:featuredmedia":[{"embeddable":true,"href":"https:\/\/enteha.de\/en\/wp-json\/wp\/v2\/media\/19814"}],"wp:attachment":[{"href":"https:\/\/enteha.de\/en\/wp-json\/wp\/v2\/media?parent=19813"}],"wp:term":[{"taxonomy":"product_brand","embeddable":true,"href":"https:\/\/enteha.de\/en\/wp-json\/wp\/v2\/product_brand?post=19813"},{"taxonomy":"product_cat","embeddable":true,"href":"https:\/\/enteha.de\/en\/wp-json\/wp\/v2\/product_cat?post=19813"},{"taxonomy":"product_tag","embeddable":true,"href":"https:\/\/enteha.de\/en\/wp-json\/wp\/v2\/product_tag?post=19813"}],"curies":[{"name":"wp","href":"https:\/\/api.w.org\/{rel}","templated":true}]}}