{"id":20780,"date":"2026-04-18T09:51:22","date_gmt":"2026-04-18T09:51:22","guid":{"rendered":"https:\/\/enteha.de\/product\/tus-130-200-reis-2016\/"},"modified":"2026-04-18T22:43:54","modified_gmt":"2026-04-18T22:43:54","slug":"tus-130-200-reis-2016","status":"publish","type":"product","link":"https:\/\/enteha.de\/en\/product\/tus-130-200-reis-2016\/","title":{"rendered":"TUS 130-200  REIS 2016"},"content":{"rendered":"<p>Druck 200 t<br \/>Tischl\u00e4nge 1600 mm<br \/>Tischbreite 1300 mm<br \/>Einbauh\u00f6he 1800 mm<br \/>Steuerung Simatic <br \/>St\u00f6\u00dfelr\u00fcckzugkraft 6000 kg<br \/>Tischbelastung 7000 kp<br \/>Gesamtleistungsbedarf ? ca. 25-30 kW<br \/>Maschinengewicht ca. 19 t<br \/>Raumbedarf ca. 2,95 * 5 * 6 m<br \/>Sonderpreis 49.900,&#8211; ab Fundament bei \u00dcbernahme bis 20.02.2026<br \/>\nNormalpreis ab Lager<\/p>","protected":false},"excerpt":{"rendered":"<table>\n<tr>\n<td colspan=\"2\">Druck 200 t<\/td>\n<\/tr>\n<tr>\n<td colspan=\"2\">Tischl\u00e4nge 1600 mm<\/td>\n<\/tr>\n<tr>\n<td colspan=\"2\">Tischbreite 1300 mm<\/td>\n<\/tr>\n<tr>\n<td colspan=\"2\">Einbauh\u00f6he 1800 mm<\/td>\n<\/tr>\n<tr>\n<td colspan=\"2\"><em>Mehr Informationen auf der Produkt-Seite<\/em><\/td>\n<\/tr>\n<\/table>","protected":false},"featured_media":37685,"template":"","meta":[],"product_brand":[1145],"product_cat":[213],"product_tag":[156,214,1146],"class_list":{"0":"post-20780","1":"product","2":"type-product","3":"status-publish","4":"has-post-thumbnail","6":"product_brand-reis","7":"product_cat-tuschierpresse","8":"product_tag-pressen","9":"product_tag-reis","10":"product_tag-tuschierpresse","12":"first","13":"instock","14":"sale","15":"product-type-simple"},"_links":{"self":[{"href":"https:\/\/enteha.de\/en\/wp-json\/wp\/v2\/product\/20780","targetHints":{"allow":["GET"]}}],"collection":[{"href":"https:\/\/enteha.de\/en\/wp-json\/wp\/v2\/product"}],"about":[{"href":"https:\/\/enteha.de\/en\/wp-json\/wp\/v2\/types\/product"}],"wp:featuredmedia":[{"embeddable":true,"href":"https:\/\/enteha.de\/en\/wp-json\/wp\/v2\/media\/37685"}],"wp:attachment":[{"href":"https:\/\/enteha.de\/en\/wp-json\/wp\/v2\/media?parent=20780"}],"wp:term":[{"taxonomy":"product_brand","embeddable":true,"href":"https:\/\/enteha.de\/en\/wp-json\/wp\/v2\/product_brand?post=20780"},{"taxonomy":"product_cat","embeddable":true,"href":"https:\/\/enteha.de\/en\/wp-json\/wp\/v2\/product_cat?post=20780"},{"taxonomy":"product_tag","embeddable":true,"href":"https:\/\/enteha.de\/en\/wp-json\/wp\/v2\/product_tag?post=20780"}],"curies":[{"name":"wp","href":"https:\/\/api.w.org\/{rel}","templated":true}]}}