{"id":20791,"date":"2026-04-18T09:51:35","date_gmt":"2026-04-18T09:51:35","guid":{"rendered":"https:\/\/enteha.de\/product\/tus-160-ok-100-reis-1985\/"},"modified":"2026-04-18T22:43:58","modified_gmt":"2026-04-18T22:43:58","slug":"tus-160-ok-200-reis-1985","status":"publish","type":"product","link":"https:\/\/enteha.de\/en\/product\/tus-160-ok-200-reis-1985\/","title":{"rendered":"TUS 160 OK 200  REIS 1985"},"content":{"rendered":"<p>Druck 200 t<br \/>Tischl\u00e4nge 2200 mm<br \/>Tischbreite 1550 mm<br \/>Einbauh\u00f6he 2200 !! mm<br \/>St\u00f6\u00dfelr\u00fcckzugkraft 6.000 kg<br \/>Tischbelastung 10.000 kp<br \/>Gesamtleistungsbedarf ? ca. 25-30 kW<br \/>Maschinengewicht ca. 30 t<br \/>Raumbedarf ca. 4 * 7 * 7 m<br \/>Versandma\u00df ca. 13,4 x 3 x 3 m<\/p>","protected":false},"excerpt":{"rendered":"<table>\n<tr>\n<td colspan=\"2\">Druck 200 t<\/td>\n<\/tr>\n<tr>\n<td colspan=\"2\">Tischl\u00e4nge 2200 mm<\/td>\n<\/tr>\n<tr>\n<td colspan=\"2\">Tischbreite 1550 mm<\/td>\n<\/tr>\n<tr>\n<td colspan=\"2\">Einbauh\u00f6he 2200 !! mm<\/td>\n<\/tr>\n<tr>\n<td colspan=\"2\"><em>Mehr Informationen auf der Produkt-Seite<\/em><\/td>\n<\/tr>\n<\/table>","protected":false},"featured_media":37695,"template":"","meta":[],"product_brand":[1145],"product_cat":[213],"product_tag":[156,214,1146],"class_list":{"0":"post-20791","1":"product","2":"type-product","3":"status-publish","4":"has-post-thumbnail","6":"product_brand-reis","7":"product_cat-tuschierpresse","8":"product_tag-pressen","9":"product_tag-reis","10":"product_tag-tuschierpresse","12":"first","13":"instock","14":"sale","15":"product-type-simple"},"_links":{"self":[{"href":"https:\/\/enteha.de\/en\/wp-json\/wp\/v2\/product\/20791","targetHints":{"allow":["GET"]}}],"collection":[{"href":"https:\/\/enteha.de\/en\/wp-json\/wp\/v2\/product"}],"about":[{"href":"https:\/\/enteha.de\/en\/wp-json\/wp\/v2\/types\/product"}],"wp:featuredmedia":[{"embeddable":true,"href":"https:\/\/enteha.de\/en\/wp-json\/wp\/v2\/media\/37695"}],"wp:attachment":[{"href":"https:\/\/enteha.de\/en\/wp-json\/wp\/v2\/media?parent=20791"}],"wp:term":[{"taxonomy":"product_brand","embeddable":true,"href":"https:\/\/enteha.de\/en\/wp-json\/wp\/v2\/product_brand?post=20791"},{"taxonomy":"product_cat","embeddable":true,"href":"https:\/\/enteha.de\/en\/wp-json\/wp\/v2\/product_cat?post=20791"},{"taxonomy":"product_tag","embeddable":true,"href":"https:\/\/enteha.de\/en\/wp-json\/wp\/v2\/product_tag?post=20791"}],"curies":[{"name":"wp","href":"https:\/\/api.w.org\/{rel}","templated":true}]}}